{"id":1675,"date":"2026-01-18T22:11:25","date_gmt":"2026-01-19T03:11:25","guid":{"rendered":"https:\/\/shop.fc4x4q.com\/?post_type=product&#038;p=1675"},"modified":"2026-03-20T14:52:20","modified_gmt":"2026-03-20T18:52:20","slug":"acces-membre-prepaye-2026-club-jeep-aventure","status":"publish","type":"product","link":"https:\/\/shop.fc4x4q.com\/?product=acces-membre-prepaye-2026-club-jeep-aventure","title":{"rendered":"Acc\u00e8s membre pr\u00e9pay\u00e9 2026 &#8211; Club Jeep Aventure"},"content":{"rendered":"<h2 class=\"ipsType_sectionHead ipsSpacer_top\">\u00c0 propos de\u00a0<em>Acc\u00e8s membre pr\u00e9pay\u00e9 2026 club mandataire Club Jeep Aventure<\/em><\/h2>\n<div class=\"ipsType_richText ipsType_normal ipsType_break ipsContained ipsSpacer_top\" data-controller=\"core.front.core.lightboxedImages\">\n<p><strong>\u00c0 lire avant d&rsquo;acheter.<\/strong><\/p>\n<p>UNIQUEMENT POUR LES GENS AYANT EU UN CODE D&rsquo;ACTIVATION DE CJA<\/p>\n<\/div>\n","protected":false},"excerpt":{"rendered":"<p>\u00c0 propos de\u00a0Acc\u00e8s membre pr\u00e9pay\u00e9 2026 club mandataire Club Jeep Aventure \u00c0 lire avant d&rsquo;acheter. UNIQUEMENT POUR LES GENS AYANT EU UN CODE D&rsquo;ACTIVATION DE CJA<\/p>\n","protected":false},"featured_media":1715,"template":"","meta":[],"product_brand":[],"product_cat":[42],"product_tag":[],"class_list":{"0":"post-1675","1":"product","2":"type-product","3":"status-publish","4":"has-post-thumbnail","6":"product_cat-ac-membre-prep","7":"wcpa_has_options","9":"first","10":"instock","11":"shipping-taxable","12":"purchasable","13":"product-type-simple"},"_links":{"self":[{"href":"https:\/\/shop.fc4x4q.com\/index.php?rest_route=\/wp\/v2\/product\/1675","targetHints":{"allow":["GET"]}}],"collection":[{"href":"https:\/\/shop.fc4x4q.com\/index.php?rest_route=\/wp\/v2\/product"}],"about":[{"href":"https:\/\/shop.fc4x4q.com\/index.php?rest_route=\/wp\/v2\/types\/product"}],"wp:featuredmedia":[{"embeddable":true,"href":"https:\/\/shop.fc4x4q.com\/index.php?rest_route=\/wp\/v2\/media\/1715"}],"wp:attachment":[{"href":"https:\/\/shop.fc4x4q.com\/index.php?rest_route=%2Fwp%2Fv2%2Fmedia&parent=1675"}],"wp:term":[{"taxonomy":"product_brand","embeddable":true,"href":"https:\/\/shop.fc4x4q.com\/index.php?rest_route=%2Fwp%2Fv2%2Fproduct_brand&post=1675"},{"taxonomy":"product_cat","embeddable":true,"href":"https:\/\/shop.fc4x4q.com\/index.php?rest_route=%2Fwp%2Fv2%2Fproduct_cat&post=1675"},{"taxonomy":"product_tag","embeddable":true,"href":"https:\/\/shop.fc4x4q.com\/index.php?rest_route=%2Fwp%2Fv2%2Fproduct_tag&post=1675"}],"curies":[{"name":"wp","href":"https:\/\/api.w.org\/{rel}","templated":true}]}}