{"id":1659,"date":"2026-01-17T07:50:04","date_gmt":"2026-01-17T12:50:04","guid":{"rendered":"https:\/\/shop.fc4x4q.com\/?post_type=product&#038;p=1659"},"modified":"2026-04-07T08:04:02","modified_gmt":"2026-04-07T12:04:02","slug":"acces-membre-prepaye-2026-team-frostbite","status":"publish","type":"product","link":"https:\/\/shop.fc4x4q.com\/?product=acces-membre-prepaye-2026-team-frostbite","title":{"rendered":"Acc\u00e8s membre pr\u00e9pay\u00e9 2026 &#8211; Team Frostbite"},"content":{"rendered":"<h2 class=\"ipsType_sectionHead ipsSpacer_top\">\u00c0 propos de\u00a0<em>Acc\u00e8s membre pr\u00e9pay\u00e9 2026 club mandataire Team Frostbite<\/em><\/h2>\n<div class=\"ipsType_richText ipsType_normal ipsType_break ipsContained ipsSpacer_top\" data-controller=\"core.front.core.lightboxedImages\">\n<p><strong>\u00c0 lire avant d&rsquo;acheter.<\/strong><\/p>\n<p>UNIQUEMENT POUR LES GENS AYANT EU UN CODE D&rsquo;ACTIVATION DE Frostbite<\/p>\n<\/div>\n","protected":false},"excerpt":{"rendered":"<p>\u00c0 propos de\u00a0Acc\u00e8s membre pr\u00e9pay\u00e9 2026 club mandataire Team Frostbite \u00c0 lire avant d&rsquo;acheter. UNIQUEMENT POUR LES GENS AYANT EU UN CODE D&rsquo;ACTIVATION DE Frostbite<\/p>\n","protected":false},"featured_media":1661,"template":"","meta":[],"product_brand":[],"product_cat":[42],"product_tag":[],"class_list":{"0":"post-1659","1":"product","2":"type-product","3":"status-publish","4":"has-post-thumbnail","6":"product_cat-ac-membre-prep","7":"wcpa_has_options","9":"first","10":"instock","11":"shipping-taxable","12":"purchasable","13":"product-type-simple"},"_links":{"self":[{"href":"https:\/\/shop.fc4x4q.com\/index.php?rest_route=\/wp\/v2\/product\/1659","targetHints":{"allow":["GET"]}}],"collection":[{"href":"https:\/\/shop.fc4x4q.com\/index.php?rest_route=\/wp\/v2\/product"}],"about":[{"href":"https:\/\/shop.fc4x4q.com\/index.php?rest_route=\/wp\/v2\/types\/product"}],"wp:featuredmedia":[{"embeddable":true,"href":"https:\/\/shop.fc4x4q.com\/index.php?rest_route=\/wp\/v2\/media\/1661"}],"wp:attachment":[{"href":"https:\/\/shop.fc4x4q.com\/index.php?rest_route=%2Fwp%2Fv2%2Fmedia&parent=1659"}],"wp:term":[{"taxonomy":"product_brand","embeddable":true,"href":"https:\/\/shop.fc4x4q.com\/index.php?rest_route=%2Fwp%2Fv2%2Fproduct_brand&post=1659"},{"taxonomy":"product_cat","embeddable":true,"href":"https:\/\/shop.fc4x4q.com\/index.php?rest_route=%2Fwp%2Fv2%2Fproduct_cat&post=1659"},{"taxonomy":"product_tag","embeddable":true,"href":"https:\/\/shop.fc4x4q.com\/index.php?rest_route=%2Fwp%2Fv2%2Fproduct_tag&post=1659"}],"curies":[{"name":"wp","href":"https:\/\/api.w.org\/{rel}","templated":true}]}}