{"id":1644,"date":"2026-01-16T22:29:20","date_gmt":"2026-01-17T03:29:20","guid":{"rendered":"https:\/\/shop.fc4x4q.com\/?post_type=product&#038;p=1644"},"modified":"2026-01-16T22:29:20","modified_gmt":"2026-01-17T03:29:20","slug":"affiliation-nouveau-club","status":"publish","type":"product","link":"https:\/\/shop.fc4x4q.com\/?product=affiliation-nouveau-club","title":{"rendered":"Affiliation nouveau Club"},"content":{"rendered":"<h2 class=\"ipsType_sectionHead ipsSpacer_top\">\u00c0 propos de <em>Nouveau Club<\/em><\/h2>\n<div class=\"ipsType_richText ipsType_normal ipsType_break ipsContained ipsSpacer_top\" data-controller=\"core.front.core.lightboxedImages\">\n<p><strong>\u00c0 lire avant d&rsquo;acheter.<\/strong><\/p>\n<p>Ce produit s\u2019adresse uniquement aux clubs qui ne sont pas affili\u00e9s. Les renouv\u00e8lements d\u2019affiliations sont sans frais.<\/p>\n<ul>\n<li>Le club requ\u00e9rant l\u2019affiliation s\u2019engage \u00e0 respecter la charte et les r\u00e8glements de la F\u00e9d\u00e9ration. Les personnes inscrites comme Repr\u00e9sentants et Conseiller sont d\u00fbment autoris\u00e9es \u00e0 repr\u00e9senter ce club aupr\u00e8s de la F\u00e9d\u00e9ration. Elles sont autoris\u00e9es \u00e0 prendre position, communiquer, \u00e0 recevoir les communications et \u00e0 voter au nom du club.<\/li>\n<li>Vous acceptez qu\u2019initialement vos membres passent par la boutique pour l\u2019achat de leur acc\u00e8s membre.<\/li>\n<li>En compl\u00e9tant la transaction vous affirmez qu\u2019il a \u00e9t\u00e9 r\u00e9solu par l\u2019administration du club requ\u00e9rant de s\u2019affilier \u00e0 la F\u00e9d\u00e9ration conform\u00e9ment au R\u00e8glement sur la cotisation d\u2019affiliation et que vous \u00eatre d\u00fbment autoris\u00e9s pour agir au nom de votre Club. Vous acceptez et respecterez la charte et les R\u00e8glements de la F\u00e9d\u00e9ration.<\/li>\n<\/ul>\n<p>&nbsp;<\/p>\n<\/div>\n","protected":false},"excerpt":{"rendered":"<p>\u00c0 propos de Nouveau Club \u00c0 lire avant d&rsquo;acheter. Ce produit s\u2019adresse uniquement aux clubs qui ne sont pas affili\u00e9s. Les renouv\u00e8lements d\u2019affiliations sont sans frais. Le club requ\u00e9rant l\u2019affiliation s\u2019engage \u00e0 respecter la charte et les r\u00e8glements de la F\u00e9d\u00e9ration. Les personnes inscrites comme Repr\u00e9sentants et Conseiller sont d\u00fbment autoris\u00e9es \u00e0 repr\u00e9senter ce club [&hellip;]<\/p>\n","protected":false},"featured_media":1435,"template":"","meta":[],"product_brand":[],"product_cat":[26],"product_tag":[],"class_list":{"0":"post-1644","1":"product","2":"type-product","3":"status-publish","4":"has-post-thumbnail","6":"product_cat-affiliation","7":"wcpa_has_options","9":"first","10":"instock","11":"shipping-taxable","12":"purchasable","13":"product-type-simple"},"_links":{"self":[{"href":"https:\/\/shop.fc4x4q.com\/index.php?rest_route=\/wp\/v2\/product\/1644","targetHints":{"allow":["GET"]}}],"collection":[{"href":"https:\/\/shop.fc4x4q.com\/index.php?rest_route=\/wp\/v2\/product"}],"about":[{"href":"https:\/\/shop.fc4x4q.com\/index.php?rest_route=\/wp\/v2\/types\/product"}],"wp:featuredmedia":[{"embeddable":true,"href":"https:\/\/shop.fc4x4q.com\/index.php?rest_route=\/wp\/v2\/media\/1435"}],"wp:attachment":[{"href":"https:\/\/shop.fc4x4q.com\/index.php?rest_route=%2Fwp%2Fv2%2Fmedia&parent=1644"}],"wp:term":[{"taxonomy":"product_brand","embeddable":true,"href":"https:\/\/shop.fc4x4q.com\/index.php?rest_route=%2Fwp%2Fv2%2Fproduct_brand&post=1644"},{"taxonomy":"product_cat","embeddable":true,"href":"https:\/\/shop.fc4x4q.com\/index.php?rest_route=%2Fwp%2Fv2%2Fproduct_cat&post=1644"},{"taxonomy":"product_tag","embeddable":true,"href":"https:\/\/shop.fc4x4q.com\/index.php?rest_route=%2Fwp%2Fv2%2Fproduct_tag&post=1644"}],"curies":[{"name":"wp","href":"https:\/\/api.w.org\/{rel}","templated":true}]}}