{"id":1640,"date":"2026-01-16T22:06:24","date_gmt":"2026-01-17T03:06:24","guid":{"rendered":"https:\/\/shop.fc4x4q.com\/?post_type=product&#038;p=1640"},"modified":"2026-02-07T20:44:35","modified_gmt":"2026-02-08T01:44:35","slug":"acces-membre-2026","status":"publish","type":"product","link":"https:\/\/shop.fc4x4q.com\/?product=acces-membre-2026","title":{"rendered":"Acc\u00e8s membre 2026"},"content":{"rendered":"<h2 class=\"ipsType_sectionHead ipsSpacer_top\">\u00c0 propos de\u00a0<em>Acc\u00e8s membre 2026<\/em><\/h2>\n<div class=\"ipsType_richText ipsType_normal ipsType_break ipsContained ipsSpacer_top\" data-controller=\"core.front.core.lightboxedImages\">\n<p><strong>\u00c0 lire avant d&rsquo;acheter.<\/strong><\/p>\n<p>L&rsquo;achat de l&rsquo;abonnement membre est le meilleur moyen d&rsquo;exprimer votre soutien \u00e0 la f\u00e9d\u00e9ration et au sport. Les d\u00e9tenteurs de cet abonnement pourront t\u00e9l\u00e9charger les outils \u00e9lectroniques de localisation du r\u00e9seau 4X4 f\u00e9d\u00e9r\u00e9 et voir o\u00f9 ils ont le droit de circuler.<\/p>\n<p>L&rsquo;argent recueilli permettra de d\u00e9velopper le r\u00e9seau 4X4 f\u00e9d\u00e9r\u00e9 et ainsi assurer un avenir \u00e0 notre loisir.<br \/>\nL&rsquo;abonnement membre vous permettra d\u2019acqu\u00e9rir certains produits ou de participer \u00e0 des promotions de la F\u00e9d\u00e9ration de mani\u00e8re exclusive. Elle vous donnera \u00e9galement droit aux rabais n\u00e9goci\u00e9s par la F\u00e9d\u00e9ration chez certains commer\u00e7ants et un acc\u00e8s limit\u00e9 au forum de la F\u00e9d\u00e9ration.<\/p>\n<p>L&rsquo;abonnement est valide d\u00e8s son achat et expirera le 31 d\u00e9cembre de l&rsquo;ann\u00e9e en cours. L&rsquo;abonnement est li\u00e9 \u00e0 un individu et non \u00e0 un v\u00e9hicule. Vous avez donc besoin d&rsquo;un seul abonnement m\u00eame si vous poss\u00e9dez plusieurs v\u00e9hicules 4X4. \u00c0 condition bien s\u00fbr d&rsquo;en utiliser un seul \u00e0 la fois.<\/p>\n<p>C&rsquo;est la meilleure fa\u00e7on d&rsquo;aider la F\u00e9d\u00e9ration \u00e0 se financer et \u00e0 couvrir vos clubs \u00e0 l&rsquo;aide d&rsquo;une assurance responsabilit\u00e9 civile lors des activit\u00e9s officielles du Club.<\/p>\n<p>Pour devenir un membre de la F\u00e9d\u00e9ration des Clubs 4X4 du Qu\u00e9bec, vous devez d&rsquo;abord faire partie d&rsquo;un club F\u00e9d\u00e9r\u00e9. Communiquez avec votre club pour plus d&rsquo;information. Une fois membre de votre Club, vous pouvez passer par la boutique pour acheter l&rsquo;abonnement correspondant.<\/p>\n<\/div>\n","protected":false},"excerpt":{"rendered":"<p>\u00c0 propos de\u00a0Acc\u00e8s membre 2026 \u00c0 lire avant d&rsquo;acheter. L&rsquo;achat de l&rsquo;abonnement membre est le meilleur moyen d&rsquo;exprimer votre soutien \u00e0 la f\u00e9d\u00e9ration et au sport. Les d\u00e9tenteurs de cet abonnement pourront t\u00e9l\u00e9charger les outils \u00e9lectroniques de localisation du r\u00e9seau 4X4 f\u00e9d\u00e9r\u00e9 et voir o\u00f9 ils ont le droit de circuler. L&rsquo;argent recueilli permettra de [&hellip;]<\/p>\n","protected":false},"featured_media":1643,"template":"","meta":[],"product_brand":[],"product_cat":[23],"product_tag":[],"class_list":{"0":"post-1640","1":"product","2":"type-product","3":"status-publish","4":"has-post-thumbnail","6":"product_cat-ac-membre","7":"wcpa_has_options","9":"first","10":"instock","11":"shipping-taxable","12":"purchasable","13":"product-type-simple"},"_links":{"self":[{"href":"https:\/\/shop.fc4x4q.com\/index.php?rest_route=\/wp\/v2\/product\/1640","targetHints":{"allow":["GET"]}}],"collection":[{"href":"https:\/\/shop.fc4x4q.com\/index.php?rest_route=\/wp\/v2\/product"}],"about":[{"href":"https:\/\/shop.fc4x4q.com\/index.php?rest_route=\/wp\/v2\/types\/product"}],"wp:featuredmedia":[{"embeddable":true,"href":"https:\/\/shop.fc4x4q.com\/index.php?rest_route=\/wp\/v2\/media\/1643"}],"wp:attachment":[{"href":"https:\/\/shop.fc4x4q.com\/index.php?rest_route=%2Fwp%2Fv2%2Fmedia&parent=1640"}],"wp:term":[{"taxonomy":"product_brand","embeddable":true,"href":"https:\/\/shop.fc4x4q.com\/index.php?rest_route=%2Fwp%2Fv2%2Fproduct_brand&post=1640"},{"taxonomy":"product_cat","embeddable":true,"href":"https:\/\/shop.fc4x4q.com\/index.php?rest_route=%2Fwp%2Fv2%2Fproduct_cat&post=1640"},{"taxonomy":"product_tag","embeddable":true,"href":"https:\/\/shop.fc4x4q.com\/index.php?rest_route=%2Fwp%2Fv2%2Fproduct_tag&post=1640"}],"curies":[{"name":"wp","href":"https:\/\/api.w.org\/{rel}","templated":true}]}}