{"id":1706,"date":"2026-01-20T23:33:36","date_gmt":"2026-01-21T04:33:36","guid":{"rendered":"https:\/\/shop.fc4x4q.com\/?page_id=1706"},"modified":"2026-01-22T10:27:30","modified_gmt":"2026-01-22T15:27:30","slug":"membership-registration","status":"publish","type":"page","link":"https:\/\/shop.fc4x4q.com\/?page_id=1706","title":{"rendered":"Abonnement club"},"content":{"rendered":"<p>Veuillez contacter \u00e0 F\u00e9d\u00e9ration par courriel: <a href=\"mailto:info@fc4x4q.com\">info@fc4x4q.com<\/a><\/p>\n","protected":false},"excerpt":{"rendered":"<p>Veuillez contacter \u00e0 F\u00e9d\u00e9ration par courriel: info@fc4x4q.com<\/p>\n","protected":false},"author":2,"featured_media":0,"parent":1705,"menu_order":0,"comment_status":"closed","ping_status":"closed","template":"","meta":{"footnotes":""},"class_list":["post-1706","page","type-page","status-publish","hentry"],"_links":{"self":[{"href":"https:\/\/shop.fc4x4q.com\/index.php?rest_route=\/wp\/v2\/pages\/1706","targetHints":{"allow":["GET"]}}],"collection":[{"href":"https:\/\/shop.fc4x4q.com\/index.php?rest_route=\/wp\/v2\/pages"}],"about":[{"href":"https:\/\/shop.fc4x4q.com\/index.php?rest_route=\/wp\/v2\/types\/page"}],"author":[{"embeddable":true,"href":"https:\/\/shop.fc4x4q.com\/index.php?rest_route=\/wp\/v2\/users\/2"}],"replies":[{"embeddable":true,"href":"https:\/\/shop.fc4x4q.com\/index.php?rest_route=%2Fwp%2Fv2%2Fcomments&post=1706"}],"version-history":[{"count":2,"href":"https:\/\/shop.fc4x4q.com\/index.php?rest_route=\/wp\/v2\/pages\/1706\/revisions"}],"predecessor-version":[{"id":1723,"href":"https:\/\/shop.fc4x4q.com\/index.php?rest_route=\/wp\/v2\/pages\/1706\/revisions\/1723"}],"up":[{"embeddable":true,"href":"https:\/\/shop.fc4x4q.com\/index.php?rest_route=\/wp\/v2\/pages\/1705"}],"wp:attachment":[{"href":"https:\/\/shop.fc4x4q.com\/index.php?rest_route=%2Fwp%2Fv2%2Fmedia&parent=1706"}],"curies":[{"name":"wp","href":"https:\/\/api.w.org\/{rel}","templated":true}]}}